{"id":128,"date":"2019-03-22T13:54:16","date_gmt":"2019-03-22T13:54:16","guid":{"rendered":"https:\/\/scale.dev.immensite.ca\/accueil\/"},"modified":"2024-03-06T10:39:51","modified_gmt":"2024-03-06T15:39:51","slug":"home","status":"publish","type":"page","link":"https:\/\/scale.dev.immensite.ca\/en\/","title":{"rendered":"Home"},"content":{"rendered":"<h2>Nous sommes <span>Scale<\/span>, studio cr\u00e9atif ancr\u00e9 dans le monde physique et digital. Cr\u00e9ateurs d\u2019exp\u00e9riences web et design. Fier d\u2019\u00eatre au service de clients remarquables.<\/h2>\n","protected":false},"excerpt":{"rendered":"<p>Nous sommes Scale, studio cr\u00e9atif ancr\u00e9 dans le monde physique et digital. Cr\u00e9ateurs d\u2019exp\u00e9riences web et design. Fier d\u2019\u00eatre au service de clients remarquables.<\/p>\n","protected":false},"author":1,"featured_media":0,"parent":0,"menu_order":0,"comment_status":"closed","ping_status":"open","template":"page-templates\/accueil.php","meta":{"_acf_changed":false,"_seopress_robots_primary_cat":"","_seopress_titles_title":"Agence cr\u00e9ative | Web, Design, Motion, Illustration | SCALE","_seopress_titles_desc":"On rend les choses plus belles et intelligentes. On excelle en web, motion, identit\u00e9, illustrations, packaging, imprim\u00e9 et marketing.","_seopress_robots_index":"","footnotes":""},"class_list":["post-128","page","type-page","status-publish","hentry"],"acf":[],"_links":{"self":[{"href":"https:\/\/scale.dev.immensite.ca\/en\/wp-json\/wp\/v2\/pages\/128","targetHints":{"allow":["GET"]}}],"collection":[{"href":"https:\/\/scale.dev.immensite.ca\/en\/wp-json\/wp\/v2\/pages"}],"about":[{"href":"https:\/\/scale.dev.immensite.ca\/en\/wp-json\/wp\/v2\/types\/page"}],"author":[{"embeddable":true,"href":"https:\/\/scale.dev.immensite.ca\/en\/wp-json\/wp\/v2\/users\/1"}],"replies":[{"embeddable":true,"href":"https:\/\/scale.dev.immensite.ca\/en\/wp-json\/wp\/v2\/comments?post=128"}],"version-history":[{"count":2,"href":"https:\/\/scale.dev.immensite.ca\/en\/wp-json\/wp\/v2\/pages\/128\/revisions"}],"predecessor-version":[{"id":130,"href":"https:\/\/scale.dev.immensite.ca\/en\/wp-json\/wp\/v2\/pages\/128\/revisions\/130"}],"wp:attachment":[{"href":"https:\/\/scale.dev.immensite.ca\/en\/wp-json\/wp\/v2\/media?parent=128"}],"curies":[{"name":"wp","href":"https:\/\/api.w.org\/{rel}","templated":true}]}}